{"id":74,"date":"2018-08-24T01:25:26","date_gmt":"2018-08-24T01:25:26","guid":{"rendered":"http:\/\/demo.roadthemes.com\/greenfarm\/?page_id=17"},"modified":"2020-03-12T14:28:56","modified_gmt":"2020-03-12T14:28:56","slug":"contact","status":"publish","type":"page","link":"https:\/\/aquacolldrinks.com\/hu\/contact\/","title":{"rendered":"Kapcsolat"},"content":{"rendered":"<p>[vc_row full_width=&#8221;stretch_row_content_no_spaces&#8221; css=&#8221;.vc_custom_1536559738900{margin-bottom: 60px !important;}&#8221;][vc_column][vc_gmaps link=&#8221;#E-8_JTNDaWZyYW1lJTIwc3JjJTNEJTIyaHR0cHMlM0ElMkYlMkZ3d3cuZ29vZ2xlLmNvbSUyRm1hcHMlMkZlbWJlZCUzRnBiJTNEJTIxMW0xOCUyMTFtMTIlMjExbTMlMjExZDEzNjE0LjIxNjkyOTYwNjg3MSUyMTJkMTkuMDI0MTI5ODA2NzE0NjI2JTIxM2Q0Ny41MzY0MTE3Nzk4NjM5NCUyMTJtMyUyMTFmMCUyMTJmMCUyMTNmMCUyMTNtMiUyMTFpMTAyNCUyMTJpNzY4JTIxNGYxMy4xJTIxM20zJTIxMW0yJTIxMXMweDQ3NDFkOTViNmIzNDk1N2QlMjUzQTB4YjI1MDM3OWZhZmM5NTQ1ZSUyMTJzQnVkYXBlc3QlMjUyQyUyNTIwU2FuJTI1MjBNYXJjbyUyNTIwdS4lMjUyMDI0LTI2YSUyNTJDJTI1MjAxMDM0JTIxNWUwJTIxM20yJTIxMXNlbiUyMTJzaHUlMjE0djE1ODMzMzI4MTU1MDAlMjE1bTIlMjExc2VuJTIxMnNodSUyMiUyMHdpZHRoJTNEJTIyNjAwJTIyJTIwaGVpZ2h0JTNEJTIyNDUwJTIyJTIwZnJhbWVib3JkZXIlM0QlMjIwJTIyJTIwc3R5bGUlM0QlMjJib3JkZXIlM0EwJTNCJTIyJTIwYWxsb3dmdWxsc2NyZWVuJTNEJTIyJTIyJTNFJTNDJTJGaWZyYW1lJTNF&#8221;][\/vc_column][\/vc_row][vc_row][vc_column el_class=&#8221;contact-text&#8221; offset=&#8221;vc_col-lg-3 vc_col-md-3&#8243;][vc_column_text]<\/p>\n<h3>El\u00e9rhet\u0151s\u00e9gek<\/h3>\n<p>[\/vc_column_text][vc_column_text]<\/p>\n<ul>\n<li><img loading=\"lazy\" decoding=\"async\" class=\"alignnone size-full wp-image-725\" src=\"http:\/\/aquacolldrinks.com\/wp-content\/uploads\/2018\/11\/contact-icon1.png\" alt=\"\" width=\"34\" height=\"40\" \/><br \/>\n<h4>C\u00edm<\/h4>\n<p>1034 Budapest, San Marco u. 24-26.<\/li>\n<li><img loading=\"lazy\" decoding=\"async\" class=\"alignnone size-full wp-image-726\" src=\"http:\/\/aquacolldrinks.com\/wp-content\/uploads\/2018\/11\/contact-icon2.png\" alt=\"\" width=\"36\" height=\"40\" \/><br \/>\n<h4>Telefon<\/h4>\n<p>+36 70 632-8121<br \/>\n+36 70 620-5041<\/li>\n<li><img loading=\"lazy\" decoding=\"async\" class=\"alignnone size-full wp-image-727\" src=\"http:\/\/aquacolldrinks.com\/wp-content\/uploads\/2018\/11\/contact-icon3.png\" alt=\"\" width=\"38\" height=\"42\" \/><br \/>\n<h4>Email<\/h4>\n<p>kozpont@aquacolldrinks.com<\/li>\n<\/ul>\n<p>[\/vc_column_text][\/vc_column][vc_column offset=&#8221;vc_col-lg-1 vc_col-md-1 vc_hidden-sm&#8221;][\/vc_column][vc_column el_class=&#8221;contact-form&#8221; offset=&#8221;vc_col-lg-8 vc_col-md-8&#8243;][vc_column_text]<\/p>\n<h3>K\u00fcldj\u00f6n \u00fczenetet<\/h3>\n<p>[\/vc_column_text][contact-form-7 id=&#8221;4&#8243; title=&#8221;Contact Form&#8221;][\/vc_column][\/vc_row]<\/p>","protected":false},"excerpt":{"rendered":"<p>[vc_row full_width=&#8221;stretch_row_content_no_spaces&#8221; css=&#8221;.vc_custom_1536559738900{margin-bottom: 60px !important;}&#8221;][vc_column][vc_gmaps link=&#8221;#E-8_JTNDaWZyYW1lJTIwc3JjJTNEJTIyaHR0cHMlM0ElMkYlMkZ3d3cuZ29vZ2xlLmNvbSUyRm1hcHMlMkZlbWJlZCUzRnBiJTNEJTIxMW0xOCUyMTFtMTIlMjExbTMlMjExZDEzNjE0LjIxNjkyOTYwNjg3MSUyMTJkMTkuMDI0MTI5ODA2NzE0NjI2JTIxM2Q0Ny41MzY0MTE3Nzk4NjM5NCUyMTJtMyUyMTFmMCUyMTJmMCUyMTNmMCUyMTNtMiUyMTFpMTAyNCUyMTJpNzY4JTIxNGYxMy4xJTIxM20zJTIxMW0yJTIxMXMweDQ3NDFkOTViNmIzNDk1N2QlMjUzQTB4YjI1MDM3OWZhZmM5NTQ1ZSUyMTJzQnVkYXBlc3QlMjUyQyUyNTIwU2FuJTI1MjBNYXJjbyUyNTIwdS4lMjUyMDI0LTI2YSUyNTJDJTI1MjAxMDM0JTIxNWUwJTIxM20yJTIxMXNlbiUyMTJzaHUlMjE0djE1ODMzMzI4MTU1MDAlMjE1bTIlMjExc2VuJTIxMnNodSUyMiUyMHdpZHRoJTNEJTIyNjAwJTIyJTIwaGVpZ2h0JTNEJTIyNDUwJTIyJTIwZnJhbWVib3JkZXIlM0QlMjIwJTIyJTIwc3R5bGUlM0QlMjJib3JkZXIlM0EwJTNCJTIyJTIwYWxsb3dmdWxsc2NyZWVuJTNEJTIyJTIyJTNFJTNDJTJGaWZyYW1lJTNF&#8221;][\/vc_column][\/vc_row][vc_row][vc_column el_class=&#8221;contact-text&#8221; offset=&#8221;vc_col-lg-3 vc_col-md-3&#8243;][vc_column_text] El\u00e9rhet\u0151s\u00e9gek [\/vc_column_text][vc_column_text] C\u00edm 1034 Budapest, San Marco u. 24-26. Telefon +36 70 632-8121 +36 70 620-5041 Email kozpont@aquacolldrinks.com [\/vc_column_text][\/vc_column][vc_column offset=&#8221;vc_col-lg-1 vc_col-md-1 vc_hidden-sm&#8221;][\/vc_column][vc_column el_class=&#8221;contact-form&#8221; offset=&#8221;vc_col-lg-8 vc_col-md-8&#8243;][vc_column_text] K\u00fcldj\u00f6n \u00fczenetet [\/vc_column_text][contact-form-7 id=&#8221;4&#8243; title=&#8221;Contact Form&#8221;][\/vc_column][\/vc_row]<\/p>\n","protected":false},"author":4,"featured_media":0,"parent":0,"menu_order":0,"comment_status":"closed","ping_status":"closed","template":"page-templates\/contact-page.php","meta":{"footnotes":""},"class_list":["post-74","page","type-page","status-publish","hentry"],"_links":{"self":[{"href":"https:\/\/aquacolldrinks.com\/hu\/wp-json\/wp\/v2\/pages\/74","targetHints":{"allow":["GET"]}}],"collection":[{"href":"https:\/\/aquacolldrinks.com\/hu\/wp-json\/wp\/v2\/pages"}],"about":[{"href":"https:\/\/aquacolldrinks.com\/hu\/wp-json\/wp\/v2\/types\/page"}],"author":[{"embeddable":true,"href":"https:\/\/aquacolldrinks.com\/hu\/wp-json\/wp\/v2\/users\/4"}],"replies":[{"embeddable":true,"href":"https:\/\/aquacolldrinks.com\/hu\/wp-json\/wp\/v2\/comments?post=74"}],"version-history":[{"count":0,"href":"https:\/\/aquacolldrinks.com\/hu\/wp-json\/wp\/v2\/pages\/74\/revisions"}],"wp:attachment":[{"href":"https:\/\/aquacolldrinks.com\/hu\/wp-json\/wp\/v2\/media?parent=74"}],"curies":[{"name":"wp","href":"https:\/\/api.w.org\/{rel}","templated":true}]}}