{"id":952,"date":"2018-11-20T08:31:23","date_gmt":"2018-11-20T08:31:23","guid":{"rendered":"http:\/\/demo.roadthemes.com\/belly\/?page_id=952"},"modified":"2023-04-11T14:27:54","modified_gmt":"2023-04-11T14:27:54","slug":"home-shop-3-organic","status":"publish","type":"page","link":"https:\/\/aquacolldrinks.com\/hu\/","title":{"rendered":"Collagen Natural Drink"},"content":{"rendered":"<p><\/p>\n<p>[vc_row el_class=&#8221;slider-nospace&#8221;][vc_column][rev_slider_vc alias=&#8221;home3-slider&#8221;][\/vc_column][\/vc_row][vc_row full_width=&#8221;stretch_row_content&#8221; equal_height=&#8221;yes&#8221; content_placement=&#8221;middle&#8221; css=&#8221;.vc_custom_1583937550217{padding-top: 40px !important;background-color: #f2b100 !important;}&#8221;][vc_column width=&#8221;1\/4&#8243;][vc_single_image image=&#8221;1422&#8243; img_size=&#8221;large&#8221; alignment=&#8221;center&#8221;][\/vc_column][vc_column width=&#8221;1\/2&#8243;][vc_column_text]<\/p>\n<h3 style=\"text-align: center;\">30 db v\u00e1s\u00e1rl\u00e1sa eset\u00e9n 12.500 Ft sz\u00e1ll\u00edt\u00e1si k\u00f6lts\u00e9ggel egy\u00fctt<\/h3>\n<p>[\/vc_column_text][\/vc_column][vc_column width=&#8221;1\/4&#8243;][vc_single_image image=&#8221;1421&#8243; img_size=&#8221;large&#8221; alignment=&#8221;center&#8221;][\/vc_column][\/vc_row][vc_row full_width=&#8221;stretch_row&#8221; css=&#8221;.vc_custom_1583335235091{background: #fafafb url(http:\/\/aquacolldrinks.com\/wp-content\/uploads\/2020\/03\/fruits-background.jpg?id=1376) !important;background-position: center !important;background-repeat: no-repeat !important;background-size: cover !important;}&#8221; el_class=&#8221;our-service-block fix-bottom-space&#8221;][vc_column][roadthemes_title heading_title=&#8221;Az Aquacoll Drinks-r\u0151l&#8221; heading_image=&#8221;1077&#8243;][vc_row_inner][vc_column_inner width=&#8221;1\/5&#8243;][vc_single_image image=&#8221;1327&#8243; img_size=&#8221;full&#8221; alignment=&#8221;center&#8221;][vc_column_text]Term\u00e9szetes \u00f6sszet\u00e9tel[\/vc_column_text][\/vc_column_inner][vc_column_inner width=&#8221;1\/5&#8243;][vc_single_image image=&#8221;1323&#8243; img_size=&#8221;full&#8221; alignment=&#8221;center&#8221;][vc_column_text]500ml-es kiszerel\u00e9s[\/vc_column_text][\/vc_column_inner][vc_column_inner width=&#8221;1\/5&#8243;][vc_single_image image=&#8221;1324&#8243; img_size=&#8221;full&#8221; alignment=&#8221;center&#8221;][vc_column_text]Palackonk\u00e9nt 2500mg kollag\u00e9n[\/vc_column_text][\/vc_column_inner][vc_column_inner width=&#8221;1\/5&#8243;][vc_single_image image=&#8221;1325&#8243; img_size=&#8221;full&#8221; alignment=&#8221;center&#8221;][vc_column_text]60mg C vitamin[\/vc_column_text][\/vc_column_inner][vc_column_inner width=&#8221;1\/5&#8243;][vc_single_image image=&#8221;1353&#8243; img_size=&#8221;full&#8221; alignment=&#8221;center&#8221;][vc_column_text]0% cukortartalom<\/p>\n<p>Premium Steviaval \u00edzes\u00edtve[\/vc_column_text][\/vc_column_inner][\/vc_row_inner][\/vc_column][\/vc_row][vc_row][vc_column][roadthemes_title heading_title=&#8221;Leg\u00fajabb term\u00e9keink&#8221; heading_image=&#8221;1077&#8243;][product_category_r per_page=&#8221;6&#8243; columns=&#8221;3&#8243; orderby=&#8221;date&#8221; order=&#8221;DESC&#8221; category=&#8221;oxywater&#8221; enable_slider=&#8221;&#8221; navigation=&#8221;1&#8243; pagination=&#8221;&#8221; item_margin=&#8221;30&#8243; speed=&#8221;500&#8243;][\/vc_column][\/vc_row]<\/p>\n<p><\/p>","protected":false},"excerpt":{"rendered":"<p>[vc_row el_class=&#8221;slider-nospace&#8221;][vc_column][rev_slider_vc alias=&#8221;home3-slider&#8221;][\/vc_column][\/vc_row][vc_row full_width=&#8221;stretch_row_content&#8221; equal_height=&#8221;yes&#8221; content_placement=&#8221;middle&#8221; css=&#8221;.vc_custom_1583937550217{padding-top: 40px !important;background-color: #f2b100 !important;}&#8221;][vc_column width=&#8221;1\/4&#8243;][vc_single_image image=&#8221;1422&#8243; img_size=&#8221;large&#8221; alignment=&#8221;center&#8221;][\/vc_column][vc_column width=&#8221;1\/2&#8243;][vc_column_text] 30 db v\u00e1s\u00e1rl\u00e1sa eset\u00e9n 12.500 Ft sz\u00e1ll\u00edt\u00e1si k\u00f6lts\u00e9ggel egy\u00fctt [\/vc_column_text][\/vc_column][vc_column width=&#8221;1\/4&#8243;][vc_single_image image=&#8221;1421&#8243; img_size=&#8221;large&#8221; alignment=&#8221;center&#8221;][\/vc_column][\/vc_row][vc_row full_width=&#8221;stretch_row&#8221; css=&#8221;.vc_custom_1583335235091{background: #fafafb url(http:\/\/aquacolldrinks.com\/wp-content\/uploads\/2020\/03\/fruits-background.jpg?id=1376) !important;background-position: center !important;background-repeat: no-repeat !important;background-size: cover !important;}&#8221; el_class=&#8221;our-service-block fix-bottom-space&#8221;][vc_column][roadthemes_title heading_title=&#8221;Az Aquacoll Drinks-r\u0151l&#8221; heading_image=&#8221;1077&#8243;][vc_row_inner][vc_column_inner width=&#8221;1\/5&#8243;][vc_single_image image=&#8221;1327&#8243; img_size=&#8221;full&#8221;<\/p>\n","protected":false},"author":4,"featured_media":0,"parent":0,"menu_order":0,"comment_status":"closed","ping_status":"closed","template":"page-templates\/demo3.php","meta":{"footnotes":""},"class_list":["post-952","page","type-page","status-publish","hentry"],"_links":{"self":[{"href":"https:\/\/aquacolldrinks.com\/hu\/wp-json\/wp\/v2\/pages\/952","targetHints":{"allow":["GET"]}}],"collection":[{"href":"https:\/\/aquacolldrinks.com\/hu\/wp-json\/wp\/v2\/pages"}],"about":[{"href":"https:\/\/aquacolldrinks.com\/hu\/wp-json\/wp\/v2\/types\/page"}],"author":[{"embeddable":true,"href":"https:\/\/aquacolldrinks.com\/hu\/wp-json\/wp\/v2\/users\/4"}],"replies":[{"embeddable":true,"href":"https:\/\/aquacolldrinks.com\/hu\/wp-json\/wp\/v2\/comments?post=952"}],"version-history":[{"count":0,"href":"https:\/\/aquacolldrinks.com\/hu\/wp-json\/wp\/v2\/pages\/952\/revisions"}],"wp:attachment":[{"href":"https:\/\/aquacolldrinks.com\/hu\/wp-json\/wp\/v2\/media?parent=952"}],"curies":[{"name":"wp","href":"https:\/\/api.w.org\/{rel}","templated":true}]}}