{"id":1307,"date":"2020-02-26T15:48:10","date_gmt":"2020-02-26T15:48:10","guid":{"rendered":"http:\/\/aquacolldrinks.com\/?post_type=product&#038;p=1307"},"modified":"2021-12-08T09:57:38","modified_gmt":"2021-12-08T09:57:38","slug":"eper","status":"publish","type":"product","link":"https:\/\/aquacolldrinks.com\/hu\/termek\/eper\/","title":{"rendered":"EPER"},"content":{"rendered":"<p><\/p>\n<div class=\"wpb_text_column wpb_content_element \">\n<div class=\"wpb_wrapper\">\n<h1>EPER<\/h1>\n<\/div>\n<\/div>\n<div class=\"wpb_text_column wpb_content_element vc_custom_1547544524421\">\n<div class=\"wpb_wrapper\">\n<p><em>Az Aquacoll term\u00e9kcsal\u00e1d 500 ml-es \u00fcd\u00edt\u0151i 2500 mg gy\u00f3gyszeripari min\u0151s\u00e9g\u0171 kollag\u00e9nt tartalmaznak, amely k\u00faraszer\u0171en fogyasztva t\u00f6k\u00e9letesen alkalmas a kollag\u00e9n hi\u00e1ny p\u00f3tl\u00e1s\u00e1ra. Az Aquacoll \u00fcd\u00edt\u0151kbe tal\u00e1lhat\u00f3 Peptant c\u00e9g\u00fcnk egy nagy m\u00falt\u00fa osztr\u00e1k c\u00e9gt\u0151l szerzi be, ahol szak\u00e9rt\u0151 g\u00e1rda szavatolja a kifog\u00e1stalan, gy\u00f3gyszeripari min\u0151s\u00e9get. Az Aquacoll egyszerre p\u00f3tolja a kollag\u00e9nt az \u00d6n szervezet\u00e9be \u00e9s seg\u00edt a hidrat\u00e1lts\u00e1g meg\u0151rz\u00e9s\u00e9ben.<\/em><\/p>\n<p><em>A hidroliz\u00e1lt kollag\u00e9n, melyet egy enzimes elj\u00e1r\u00e1son kereszt\u00fcl hoztak l\u00e9tre, egy olyan magas min\u0151s\u00e9g\u0171 kollag\u00e9n term\u00e9k, ami a kollag\u00e9n magasabb koncentr\u00e1ci\u00f3j\u00e1t \u00e9s aminosav tartalm\u00e1t rejti mag\u00e1ban.\u00a0Kutat\u00f3 csoportok sokas\u00e1ga dolgozott azon, hogy a kollag\u00e9n aminosav \u00e9s peptid tartalm\u00e1t el\u0151h\u00edvj\u00e1k. A kollag\u00e9nt ez\u00e9rt egy term\u00e9szetes alapanyagokb\u00f3l \u00e1ll\u00f3 italba kevert\u00fck. Ez a kollag\u00e9n stimul\u00e1lja a test k\u00fcl\u00f6nf\u00e9le t\u00edpus\u00fa kolleg\u00e9njeinek termel\u0151d\u00e9s\u00e9t. Mint minden feh\u00e9rje (pl. h\u00fasok) ez is aminosavakra bomlik, \u00edgy sz\u00edv\u00f3dik fel a kering\u00e9si rendszer\u00fcnkbe. A megfelel\u0151 sejtek ebb\u0151l az aminosav k\u00e9szletb\u0151l tudj\u00e1k a kollag\u00e9nt vissza\u00e9p\u00edteni, hasznos\u00edtani, amely folyamatban a C-vitamin kataliz\u00e1tork\u00e9nt vesz r\u00e9szt.<\/em><\/p>\n<p><em>\u00a0<\/em><\/p>\n<p><em><strong>\u00c1tlagos t\u00e1p\u00e9rt\u00e9k t\u00e1bl\u00e1zat (100ml)<\/strong><\/em><\/p>\n<p><em>Energia: 20 kJ<\/em><br \/>\n<em>Zs\u00edr: 0 g<\/em><br \/>\n<em>melyb\u0151l tel\u00edtett zs\u00edrsavak: 0 g<\/em><br \/>\n<em>Sz\u00e9nhidr\u00e1t: 0 g<\/em><br \/>\n<em>melyb\u0151l cukrok: 0 g<\/em><br \/>\n<em>Rost: 0 g<\/em><br \/>\n<em>Feh\u00e9rje: 0,25 g<\/em><br \/>\n<em>S\u00f3: 0,01 g<\/em><\/p>\n<p>&nbsp;<\/p>\n<p><strong><em>\u00d6sszetev\u0151k:<\/em><\/strong><br \/>\n<em>Term\u00e9szetes \u00e1sv\u00e1nyi anyagokat tartalmaz\u00f3 v\u00edz<br \/>\n<\/em><em>(K\u00e1lcium, Magn\u00e9zium, K\u00e1lium, N\u00e1trium),<br \/>\nantioxid\u00e1ns: C vitamin, aroma,<br \/>\nsavany\u00fas\u00e1got szab\u00e1lyoz\u00f3 anyag: citromsav,<br \/>\nterm\u00e9szetes sz\u00ednez\u00e9kek: fekete r\u00e9pa s\u0171r\u00edtm\u00e9ny,<br \/>\n\u00e9des\u00edt\u0151szer: szteviol-glikozid, szukral\u00f3z,<br \/>\ntart\u00f3s\u00edt\u00f3szer: K\u00e1lium-szorb\u00e1t, N\u00e1trium-benzon\u00e1t,<br \/>\nHidroliz\u00e1lt kollag\u00e9n PEPTAN<sup>\u00ae<\/sup><\/em><\/p>\n<\/div>\n<\/div>\n<p><\/p>","protected":false},"excerpt":{"rendered":"<p>Min. mennyis\u00e9g 10db.<br \/>\n10 darabos csomagokban rendelhet\u0151.<\/p>\n","protected":false},"featured_media":1484,"template":"","meta":[],"product_brand":[],"product_cat":[89],"product_tag":[],"class_list":{"0":"post-1307","1":"product","2":"type-product","3":"status-publish","4":"has-post-thumbnail","6":"product_cat-aquacoll","8":"first","9":"outofstock","10":"shipping-taxable","11":"purchasable","12":"product-type-simple"},"_links":{"self":[{"href":"https:\/\/aquacolldrinks.com\/hu\/wp-json\/wp\/v2\/product\/1307","targetHints":{"allow":["GET"]}}],"collection":[{"href":"https:\/\/aquacolldrinks.com\/hu\/wp-json\/wp\/v2\/product"}],"about":[{"href":"https:\/\/aquacolldrinks.com\/hu\/wp-json\/wp\/v2\/types\/product"}],"wp:featuredmedia":[{"embeddable":true,"href":"https:\/\/aquacolldrinks.com\/hu\/wp-json\/wp\/v2\/media\/1484"}],"wp:attachment":[{"href":"https:\/\/aquacolldrinks.com\/hu\/wp-json\/wp\/v2\/media?parent=1307"}],"wp:term":[{"taxonomy":"product_brand","embeddable":true,"href":"https:\/\/aquacolldrinks.com\/hu\/wp-json\/wp\/v2\/product_brand?post=1307"},{"taxonomy":"product_cat","embeddable":true,"href":"https:\/\/aquacolldrinks.com\/hu\/wp-json\/wp\/v2\/product_cat?post=1307"},{"taxonomy":"product_tag","embeddable":true,"href":"https:\/\/aquacolldrinks.com\/hu\/wp-json\/wp\/v2\/product_tag?post=1307"}],"curies":[{"name":"wp","href":"https:\/\/api.w.org\/{rel}","templated":true}]}}