{"id":1418,"date":"2020-03-11T13:34:07","date_gmt":"2020-03-11T13:34:07","guid":{"rendered":"https:\/\/aquacolldrinks.com\/?post_type=product&#038;p=1418"},"modified":"2021-12-08T09:57:37","modified_gmt":"2021-12-08T09:57:37","slug":"akcio-30db","status":"publish","type":"product","link":"https:\/\/aquacolldrinks.com\/hu\/termek\/akcio-30db\/","title":{"rendered":"AKCI\u00d3 &#8211; 30db"},"content":{"rendered":"<p>A kedvezm\u00e9ny ig\u00e9nybev\u00e9tel\u00e9hez a kuponk\u00f3d: 30for12500<\/p>","protected":false},"excerpt":{"rendered":"<p>30 db v\u00e1s\u00e1rl\u00e1sa eset\u00e9n 12.500 Ft sz\u00e1ll\u00edt\u00e1si k\u00f6lts\u00e9ggel egy\u00fctt.<\/p>\n<p>A kedvezm\u00e9ny ig\u00e9nybev\u00e9tel\u00e9hez a kuponk\u00f3d: <strong>30for12500<\/strong><\/p>\n","protected":false},"featured_media":1449,"template":"","meta":[],"product_brand":[],"product_cat":[89],"product_tag":[],"class_list":{"0":"post-1418","1":"product","2":"type-product","3":"status-publish","4":"has-post-thumbnail","6":"product_cat-aquacoll","8":"first","9":"outofstock","10":"shipping-taxable","11":"purchasable","12":"product-type-simple"},"_links":{"self":[{"href":"https:\/\/aquacolldrinks.com\/hu\/wp-json\/wp\/v2\/product\/1418","targetHints":{"allow":["GET"]}}],"collection":[{"href":"https:\/\/aquacolldrinks.com\/hu\/wp-json\/wp\/v2\/product"}],"about":[{"href":"https:\/\/aquacolldrinks.com\/hu\/wp-json\/wp\/v2\/types\/product"}],"wp:featuredmedia":[{"embeddable":true,"href":"https:\/\/aquacolldrinks.com\/hu\/wp-json\/wp\/v2\/media\/1449"}],"wp:attachment":[{"href":"https:\/\/aquacolldrinks.com\/hu\/wp-json\/wp\/v2\/media?parent=1418"}],"wp:term":[{"taxonomy":"product_brand","embeddable":true,"href":"https:\/\/aquacolldrinks.com\/hu\/wp-json\/wp\/v2\/product_brand?post=1418"},{"taxonomy":"product_cat","embeddable":true,"href":"https:\/\/aquacolldrinks.com\/hu\/wp-json\/wp\/v2\/product_cat?post=1418"},{"taxonomy":"product_tag","embeddable":true,"href":"https:\/\/aquacolldrinks.com\/hu\/wp-json\/wp\/v2\/product_tag?post=1418"}],"curies":[{"name":"wp","href":"https:\/\/api.w.org\/{rel}","templated":true}]}}