{"id":1542,"date":"2021-03-18T14:12:45","date_gmt":"2021-03-18T14:12:45","guid":{"rendered":"https:\/\/aquacolldrinks.com\/?post_type=product&#038;p=1542"},"modified":"2021-06-21T11:51:31","modified_gmt":"2021-06-21T11:51:31","slug":"oxywater-500ml","status":"publish","type":"product","link":"https:\/\/aquacolldrinks.com\/hu\/termek\/oxywater-500ml\/","title":{"rendered":"Oxywater 500ml"},"content":{"rendered":"","protected":false},"excerpt":{"rendered":"<p>HAMAROSAN<br \/>\nM\u00e1gneses t\u00e9rben magas oxig\u00e9ntartalommal d\u00fas\u00edtott v\u00edz<\/p>\n","protected":false},"featured_media":1574,"template":"","meta":[],"product_brand":[],"product_cat":[89,95],"product_tag":[],"class_list":{"0":"post-1542","1":"product","2":"type-product","3":"status-publish","4":"has-post-thumbnail","6":"product_cat-aquacoll","7":"product_cat-oxywater","9":"first","10":"instock","11":"shipping-taxable","12":"product-type-simple"},"_links":{"self":[{"href":"https:\/\/aquacolldrinks.com\/hu\/wp-json\/wp\/v2\/product\/1542","targetHints":{"allow":["GET"]}}],"collection":[{"href":"https:\/\/aquacolldrinks.com\/hu\/wp-json\/wp\/v2\/product"}],"about":[{"href":"https:\/\/aquacolldrinks.com\/hu\/wp-json\/wp\/v2\/types\/product"}],"wp:featuredmedia":[{"embeddable":true,"href":"https:\/\/aquacolldrinks.com\/hu\/wp-json\/wp\/v2\/media\/1574"}],"wp:attachment":[{"href":"https:\/\/aquacolldrinks.com\/hu\/wp-json\/wp\/v2\/media?parent=1542"}],"wp:term":[{"taxonomy":"product_brand","embeddable":true,"href":"https:\/\/aquacolldrinks.com\/hu\/wp-json\/wp\/v2\/product_brand?post=1542"},{"taxonomy":"product_cat","embeddable":true,"href":"https:\/\/aquacolldrinks.com\/hu\/wp-json\/wp\/v2\/product_cat?post=1542"},{"taxonomy":"product_tag","embeddable":true,"href":"https:\/\/aquacolldrinks.com\/hu\/wp-json\/wp\/v2\/product_tag?post=1542"}],"curies":[{"name":"wp","href":"https:\/\/api.w.org\/{rel}","templated":true}]}}