{"id":1586,"date":"2021-06-21T11:44:22","date_gmt":"2021-06-21T11:44:22","guid":{"rendered":"https:\/\/aquacolldrinks.com\/?post_type=product&#038;p=1586"},"modified":"2022-09-21T12:17:58","modified_gmt":"2022-09-21T12:17:58","slug":"oxywater-075l","status":"publish","type":"product","link":"https:\/\/aquacolldrinks.com\/hu\/termek\/oxywater-075l\/","title":{"rendered":"Oxywater 0,75l"},"content":{"rendered":"<p>A m\u00e1gneses t\u00e9rben \u00e9s magas oxig\u00e9ntartalommal d\u00fas\u00edtott v\u00edz seg\u00edt megakad\u00e1lyozni a szervezet oxig\u00e9nhi\u00e1ny\u00e1t mindenf\u00e9le mell\u00e9khat\u00e1sok n\u00e9lk\u00fcl. Ez\u00e1ltal megn\u00f6veli a szervezet abszorpci\u00f3s<br \/>\nk\u00e9pess\u00e9g\u00e9t, \u00edgy az oxig\u00e9n stabiliz\u00e1lt form\u00e1ban jelenik meg ak\u00e1r 80 mg\/l mennyis\u00e9gben. El\u0151\u00e1ll\u00edt\u00e1sa sor\u00e1n sem vegyi sem m\u00e9rgez\u0151 anyagok nincsenek, mivel az oxig\u00e9n nem k\u00fcls\u0151 forr\u00e1sb\u00f3l ker\u00fcl a v\u00edzbe, hanem annak mennyis\u00e9ge a hidrog\u00e9n felszabadul\u00e1s\u00e1b\u00f3l k\u00f6vetkezik. Az oxig\u00e9nnel d\u00fas\u00edtott folyad\u00e9k a szervezetbe juttatva \u00e1thatol a ny\u00e1lkah\u00e1rty\u00e1n, a gyomron \u00e9s a gyomor-b\u00e9l traktuson, majd a sz\u00f6veteken kereszt\u00fcl is, \u00edgy a szervezet felsz\u00edv\u00f3 k\u00e9pess\u00e9geit sejt szinten k\u00e9pes jav\u00edtani.<\/p>\n<p>Fogyaszt\u00e1s\u00e1nak el\u0151nyei:<br \/>\n\u2013 seg\u00edti a sejtek regener\u00e1ci\u00f3j\u00e1t \u00e9s jav\u00edtja azok mechanizmusait<br \/>\n\u2013 el\u0151seg\u00edti a term\u00e9szetes \u0151ssejt fiziol\u00f3gi\u00e1j\u00e1t a szervezetben<br \/>\n\u2013 cs\u00f6kkenti a ment\u00e1lis \u00e9s a fizikai f\u00e1radts\u00e1got<br \/>\n\u2013 hat\u00e1ssal van a sejtes immunit\u00e1sra<br \/>\n\u2013 t\u00e1mogatja a testi \u00e9s szellemi egyens\u00falyt<br \/>\n\u2013 jav\u00edtja a kognit\u00edv funkci\u00f3kat<br \/>\n\u2013 el\u0151seg\u00edti a szervezet gy\u00f3gyul\u00e1si folyamatait<\/p>\n<p>Rendszeres fogyaszt\u00e1sa el\u0151seg\u00edti a szervezet m\u00e9regtelen\u00edt\u00e9s\u00e9t, friss\u00edteni, valamint energi\u00e1val felt\u00f6lteni azt.<\/p>","protected":false},"excerpt":{"rendered":"<p>Min. mennyis\u00e9g 8db.<br \/>\n8 darabos csomagokban rendelhet\u0151.<\/p>\n","protected":false},"featured_media":1671,"template":"","meta":[],"product_brand":[],"product_cat":[89,95],"product_tag":[],"class_list":{"0":"post-1586","1":"product","2":"type-product","3":"status-publish","4":"has-post-thumbnail","6":"product_cat-aquacoll","7":"product_cat-oxywater","9":"first","10":"instock","11":"shipping-taxable","12":"purchasable","13":"product-type-simple"},"_links":{"self":[{"href":"https:\/\/aquacolldrinks.com\/hu\/wp-json\/wp\/v2\/product\/1586","targetHints":{"allow":["GET"]}}],"collection":[{"href":"https:\/\/aquacolldrinks.com\/hu\/wp-json\/wp\/v2\/product"}],"about":[{"href":"https:\/\/aquacolldrinks.com\/hu\/wp-json\/wp\/v2\/types\/product"}],"wp:featuredmedia":[{"embeddable":true,"href":"https:\/\/aquacolldrinks.com\/hu\/wp-json\/wp\/v2\/media\/1671"}],"wp:attachment":[{"href":"https:\/\/aquacolldrinks.com\/hu\/wp-json\/wp\/v2\/media?parent=1586"}],"wp:term":[{"taxonomy":"product_brand","embeddable":true,"href":"https:\/\/aquacolldrinks.com\/hu\/wp-json\/wp\/v2\/product_brand?post=1586"},{"taxonomy":"product_cat","embeddable":true,"href":"https:\/\/aquacolldrinks.com\/hu\/wp-json\/wp\/v2\/product_cat?post=1586"},{"taxonomy":"product_tag","embeddable":true,"href":"https:\/\/aquacolldrinks.com\/hu\/wp-json\/wp\/v2\/product_tag?post=1586"}],"curies":[{"name":"wp","href":"https:\/\/api.w.org\/{rel}","templated":true}]}}