{"id":2519,"date":"2023-03-31T08:12:59","date_gmt":"2023-03-31T08:12:59","guid":{"rendered":"https:\/\/aquacolldrinks.com\/?post_type=product&#038;p=2519"},"modified":"2023-03-31T08:12:59","modified_gmt":"2023-03-31T08:12:59","slug":"jotekonysagi-osszeg","status":"publish","type":"product","link":"https:\/\/aquacolldrinks.com\/hu\/termek\/jotekonysagi-osszeg\/","title":{"rendered":"J\u00f3t\u00e9konys\u00e1gi \u00f6sszeg"},"content":{"rendered":"<p>J\u00f3t\u00e9konys\u00e1gi lehet\u0151s\u00e9g, mellyel a GYEK \u00c9g\u00e9si oszt\u00e1ly\u00e1t t\u00e1mogatja<\/p>","protected":false},"excerpt":{"rendered":"<p>J\u00f3t\u00e9konys\u00e1gi lehet\u0151s\u00e9g, mellyel a GYEK \u00c9g\u00e9si oszt\u00e1ly\u00e1t t\u00e1mogatja<\/p>\n","protected":false},"featured_media":2520,"template":"","meta":[],"product_brand":[],"product_cat":[101],"product_tag":[],"class_list":{"0":"post-2519","1":"product","2":"type-product","3":"status-publish","4":"has-post-thumbnail","6":"product_cat-oxymaraton","8":"first","9":"instock","10":"virtual","11":"purchasable","12":"product-type-simple"},"_links":{"self":[{"href":"https:\/\/aquacolldrinks.com\/hu\/wp-json\/wp\/v2\/product\/2519","targetHints":{"allow":["GET"]}}],"collection":[{"href":"https:\/\/aquacolldrinks.com\/hu\/wp-json\/wp\/v2\/product"}],"about":[{"href":"https:\/\/aquacolldrinks.com\/hu\/wp-json\/wp\/v2\/types\/product"}],"wp:featuredmedia":[{"embeddable":true,"href":"https:\/\/aquacolldrinks.com\/hu\/wp-json\/wp\/v2\/media\/2520"}],"wp:attachment":[{"href":"https:\/\/aquacolldrinks.com\/hu\/wp-json\/wp\/v2\/media?parent=2519"}],"wp:term":[{"taxonomy":"product_brand","embeddable":true,"href":"https:\/\/aquacolldrinks.com\/hu\/wp-json\/wp\/v2\/product_brand?post=2519"},{"taxonomy":"product_cat","embeddable":true,"href":"https:\/\/aquacolldrinks.com\/hu\/wp-json\/wp\/v2\/product_cat?post=2519"},{"taxonomy":"product_tag","embeddable":true,"href":"https:\/\/aquacolldrinks.com\/hu\/wp-json\/wp\/v2\/product_tag?post=2519"}],"curies":[{"name":"wp","href":"https:\/\/api.w.org\/{rel}","templated":true}]}}